{"id":112,"date":"2018-12-12T09:36:57","date_gmt":"2018-12-12T07:36:57","guid":{"rendered":"http:\/\/www.softsalo.fi\/?page_id=112"},"modified":"2025-05-16T13:09:15","modified_gmt":"2025-05-16T10:09:15","slug":"reilu-tarjous","status":"publish","type":"page","link":"https:\/\/www.softsalo.fi\/?page_id=112","title":{"rendered":"Reilu tarjous"},"content":{"rendered":"\n<p>Kokeile riskitt\u00e4! Softsalo tarjoaa Peltotuki Micro -lohkokirjanpito-ohjelman ensimm\u00e4isen kasvukauden k\u00e4yt\u00f6n kokonaan.<\/p>\n\n\n\n<p><br><em><strong>Tutustu my\u00f6s: <a href=\"http:\/\/www.softsalo.fi\/?page_id=59\">Laskutus ilman ohjelman ostoa<\/a><\/strong><\/em><\/p>\n\n\n\n<p>Peltotuki on omalle tietokoneelle asennettava Windows-ohjelma. Siksi \nse toimii nopeasti eik\u00e4 tarvitse jatkuvaa nettiyhteytt\u00e4. Netti\u00e4 \nk\u00e4ytet\u00e4\u00e4n tehokkaasti hyv\u00e4ksi (Vipu-tietojen nouto ja l\u00e4hetys, \nmaan\u00e4ytteet, Tukesin kasvinsuojeluainetiedot, ohjelman p\u00e4ivitykset, \ntiedotteet, synkronointi Sirppi-pilvipalveluun&#8230;), mutta netin takkuilu\n ei est\u00e4 ohjelman sujuvaa k\u00e4ytt\u00f6\u00e4. Tuhannet k\u00e4ytt\u00e4j\u00e4t ovat todenneet \nt\u00e4m\u00e4n yhdistelm\u00e4n parhaaksi vaihtoehdoksi.<\/p>\n\n\n\n<h3>Kaksi vaihtoehtoa, Peltotuki Pro ja Peltotuki Micro<\/h3>\n\n\n\n<p>Peltotuki Pro on tunnettu viljelyohjelmistojen edell\u00e4k\u00e4vij\u00e4, jolla on eritt\u00e4in hyv\u00e4 maine. Jos haluat laajemmat ominaisuudet tai lis\u00e4osia, oikea valinta on Peltotuki Pro. Peltotuki Pro on maksullinen ohjelma, jonka hintatiedot l\u00f6ytyv\u00e4t Hinnasto-sivulta. <a href=\"http:\/\/www.softsalo.fi\/?page_id=51\">Lis\u00e4tietoja Peltotuki Pro -ohjelmasta.<\/a><\/p>\n\n\n\n<p>Jos et omista tai halua hankkia&nbsp;Peltotuki Pro -ohjelmaa, sinun kannattaa ehdottomasti tutustua Peltotuki Microon. Peltotuki\n Micro on Peltotuki Pro -ohjelman &#8221;pikkuveli&#8221;, jolla voi tehd\u00e4 kaiken \nv\u00e4ltt\u00e4m\u00e4tt\u00f6m\u00e4n, helposti ja tehokkaasti. Ja t\u00e4ysin ilman riski\u00e4, sill\u00e4 \nohjelman saa k\u00e4ytt\u00f6\u00f6n ilmaiseksi.<\/p>\n\n\n\n<h3>Lis\u00e4tietoja Peltotuki Microsta<\/h3>\n\n\n\n<p><strong>Peltotuki Micro -ohjelmalla voi<\/strong><\/p>\n\n\n\n<ul><li>noutaa perus- ja kasvulohkot Vipu-palvelusta tai tallentaa k\u00e4sin<\/li><li>hakea tukia s\u00e4hk\u00f6isesti tai paperilla<\/li><li>tehd\u00e4 viljelysuunnitelman uusien s\u00e4\u00e4d\u00f6sten mukaisesti<\/li><li>tehd\u00e4 ymp\u00e4rist\u00f6sitoumuksen vaatiman Peltomaan laatutestin<\/li><li>seurata torjunta-aineiden k\u00e4ytt\u00f6rajoituksia<\/li><\/ul>\n\n\n\n<ul><li>synkronoida tietoja&nbsp;<a href=\"http:\/\/www.sirppi.fi\">Sirppi-pilvipalvelun<\/a> kanssa ja k\u00e4ytt\u00e4\u00e4 niit\u00e4 k\u00e4nnyk\u00e4ll\u00e4<\/li><li>tehd\u00e4 lohkokirjanpidon<\/li><li>tarkistaa tallennetut tiedot<\/li><li>sivutuotteena n\u00e4hd\u00e4 tuotannon kannattavuuden<\/li><\/ul>\n\n\n\n<p><strong>Ent\u00e4 hinta?<\/strong><\/p>\n\n\n\n<ul><li><a href=\"http:\/\/hae12.softsalo.fi\/peltotuki\/peltotukiasennus.exe\">Ohjelman hankinta<\/a> on ilmainen<\/li><li>Softsalo tarjoaa ensimm\u00e4isen kasvukauden k\u00e4yt\u00f6n<\/li><li>Kokeilu ei sido k\u00e4ytt\u00e4j\u00e4\u00e4<\/li><li>Softsalo tarjoaa\u00a0normaalit neuvonta- ja tukipalvelut ilmaiseksi<\/li><li>Jatkossa ohjelman k\u00e4yt\u00f6st\u00e4 ja yll\u00e4pidosta perit\u00e4\u00e4n pieni vuosimaksu (60,- + alv, v. 2024 hinnasto)<\/li><li>Halutessaan ohjelman voi vaihtaa laajempaan Peltotuki Pro -ohjelmaan. My\u00f6s tiedot siirtyv\u00e4t.<\/li><\/ul>\n\n\n\n<p><strong>Helppo alkuun l\u00e4ht\u00f6<\/strong><\/p>\n\n\n\n<ul><li>Nouda ohjelma <a href=\"http:\/\/hae12.softsalo.fi\/peltotuki\/peltotukiasennus.exe\"> t\u00e4st\u00e4<\/a><\/li><li>Rekister\u00f6i asennuksen p\u00e4\u00e4tteeksi ilmaista k\u00e4ytt\u00f6aikaa<\/li><li>Nouda omat lohkosi hallinnon Vipu-palvelusta tai tallenna k\u00e4sin<\/li><li>Nouda maan\u00e4ytteet Tuloslaarista tai tiedostosta, tai tallenna k\u00e4sin<\/li><li>Valitse viljelykasvit, ja voit hakea tukia ohjelman avulla s\u00e4hk\u00f6isesti tai paperilla<\/li><li>Suunnittele viljelytapahtumat, ja voit synkronoida tiedot Sirppi-pilvipalvelun kanssa<\/li><\/ul>\n\n\n\n<p><strong>Mutta miksi?<\/strong><\/p>\n\n\n\n<p>Me uskomme, ett\u00e4 olet tyytyv\u00e4inen.<\/p>\n\n\n\n<p>Peltotuki Pro -ohjelmalla on tuhansia tyytyv\u00e4isi\u00e4 k\u00e4ytt\u00e4ji\u00e4 ja \nohjelmalla on eritt\u00e4in hyv\u00e4 maine. Olemme aina panostaneet markkinoinnin\n sijasta ohjelman tuotekehitykseen ja valtaosa k\u00e4ytt\u00e4jist\u00e4 onkin \nhankkinut ohjelman kuultuaan naapurin tai tuttavan hyvist\u00e4 kokemuksista.\n Silloin t\u00e4ll\u00f6in meilt\u00e4 kysyt\u00e4\u00e4n, miksi emme ole aktiivisempia, koska \ntuote on loistava.<\/p>\n\n\n\n<p>Nyt teemme Sinulle uskomattoman tarjouksen: Kokeile Peltotuki Micro \n-ohjelmaa koko kasvukauden ajan ilmaiseksi. Jos&nbsp;olet ohjelmaan \ntyytyv\u00e4inen ja haluat jatkaa yhteisty\u00f6t\u00e4 kanssamme,&nbsp;mekin olemme \ntyytyv\u00e4isi\u00e4. Jos haluat laajemman ohjelman, sekin k\u00e4y. Ja jos olet \ntyytym\u00e4t\u00f6n, et ole menett\u00e4nyt mit\u00e4\u00e4n. Reilu tarjous, eik\u00f6 totta?<\/p>\n\n\n\n<p>T\u00e4h\u00e4n kannattaa tarttua.<\/p>\n\n\n\n<p><a href=\"http:\/\/hae12.softsalo.fi\/peltotuki\/peltotukiasennus.exe\">Asennustiedoston nouto<\/a><\/p>\n\n\n\n<p>Ps. Kovin tiukalle asetettu palomuuriohjelma voi joissakin \ntapauksissa est\u00e4\u00e4 ilmaisen k\u00e4ytt\u00f6ajan rekister\u00f6innin. Tarvittaessa \npalomuurin voi esim. asettaa rekister\u00f6intihetkeksi pois p\u00e4\u00e4lt\u00e4. Toinen \nvaihtoehto on tallentaa k\u00e4ytt\u00f6aikakoodit k\u00e4sin, sill\u00e4 <strong>koodit l\u00e4hetet\u00e4\u00e4n my\u00f6s antamaasi s\u00e4hk\u00f6postiosoitteeseen<\/strong>.<\/p>\n\n\n\n<p>Peltotuki Micron laitteistovaatimuksena on Windows 10 tai 11.<\/p>\n\n\n\n<p>S\u00e4hk\u00f6inen tukihaku-Viljelysuunnittelu-Lohkokirjanpito-Tietojen \ntarkistus-Kasvinsuojeluainerekisteri-Kannattavuus-Maan\u00e4ytteet-Ravinnekatot-Lannoitus-Siemenlaskenta-Kasvinsuojelu-\n Fosforin tasaus-Kustannukset-Ilmainen \nk\u00e4ytt\u00f6tuki-Puhelintuki-Neuvonta-Ajankohtaistiedotteet-S\u00e4hk\u00f6postituki-Et\u00e4k\u00e4ytt\u00f6\n ongelmatilanteissa<\/p>\n","protected":false},"excerpt":{"rendered":"<p>Kokeile riskitt\u00e4! Softsalo tarjoaa Peltotuki Micro -lohkokirjanpito-ohjelman ensimm\u00e4isen kasvukauden k\u00e4yt\u00f6n kokonaan. Tutustu my\u00f6s: Laskutus ilman ohjelman ostoa Peltotuki on omalle tietokoneelle asennettava Windows-ohjelma. Siksi se toimii nopeasti eik\u00e4 tarvitse jatkuvaa nettiyhteytt\u00e4. Netti\u00e4 k\u00e4ytet\u00e4\u00e4n tehokkaasti hyv\u00e4ksi (Vipu-tietojen nouto ja l\u00e4hetys, maan\u00e4ytteet, Tukesin kasvinsuojeluainetiedot, ohjelman p\u00e4ivitykset, tiedotteet, synkronointi Sirppi-pilvipalveluun&#8230;), mutta netin takkuilu ei est\u00e4 ohjelman sujuvaa k\u00e4ytt\u00f6\u00e4&#8230;.<\/p>\n","protected":false},"author":1,"featured_media":0,"parent":0,"menu_order":0,"comment_status":"closed","ping_status":"closed","template":"","meta":[],"_links":{"self":[{"href":"https:\/\/www.softsalo.fi\/index.php?rest_route=\/wp\/v2\/pages\/112"}],"collection":[{"href":"https:\/\/www.softsalo.fi\/index.php?rest_route=\/wp\/v2\/pages"}],"about":[{"href":"https:\/\/www.softsalo.fi\/index.php?rest_route=\/wp\/v2\/types\/page"}],"author":[{"embeddable":true,"href":"https:\/\/www.softsalo.fi\/index.php?rest_route=\/wp\/v2\/users\/1"}],"replies":[{"embeddable":true,"href":"https:\/\/www.softsalo.fi\/index.php?rest_route=%2Fwp%2Fv2%2Fcomments&post=112"}],"version-history":[{"count":10,"href":"https:\/\/www.softsalo.fi\/index.php?rest_route=\/wp\/v2\/pages\/112\/revisions"}],"predecessor-version":[{"id":885,"href":"https:\/\/www.softsalo.fi\/index.php?rest_route=\/wp\/v2\/pages\/112\/revisions\/885"}],"wp:attachment":[{"href":"https:\/\/www.softsalo.fi\/index.php?rest_route=%2Fwp%2Fv2%2Fmedia&parent=112"}],"curies":[{"name":"wp","href":"https:\/\/api.w.org\/{rel}","templated":true}]}}