{"id":16,"date":"2018-10-24T13:46:32","date_gmt":"2018-10-24T10:46:32","guid":{"rendered":"http:\/\/www.softsalo.fi\/?page_id=16"},"modified":"2025-05-16T13:04:19","modified_gmt":"2025-05-16T10:04:19","slug":"tervetuloa-softsalo-oyn-sivuille","status":"publish","type":"page","link":"https:\/\/www.softsalo.fi\/","title":{"rendered":"Tervetuloa Softsalo Oy:n sivuille"},"content":{"rendered":"<div class=\"node__content clearfix\">\n<div class=\"clearfix text-formatted field field--name-body field--type-text-with-summary field--label-hidden field__item\">\n<div id=\"content-core\">\n<div id=\"parent-fieldname-text-50c5e73594025feb259d09720625d5d4\">\n<p>Softsalon helppok\u00e4ytt\u00f6iset ja k\u00e4yt\u00e4nn\u00f6nl\u00e4heiset ATK-ohjelmat ovat vuosien saatossa tulleet tutuiksi tuhansille k\u00e4ytt\u00e4jille. Ohjelmat toimivat Windows-tietokoneissa (10 ja 11) ja t\u00e4yden Windowsin sis\u00e4lt\u00e4viss\u00e4 tableteissa. Muilla tableteilla ohjelmaa voi halutessaan k\u00e4ytt\u00e4\u00e4 et\u00e4k\u00e4ytt\u00f6ohjelman avulla.<\/p>\n<p>Tavoitteemme on, ett\u00e4 jokainen ohjelmamme on:<\/p>\n<div>\n<ul>\n<li>helppok\u00e4ytt\u00f6inen, nykyaikainen ja monipuolinen<\/li>\n<li>helposti yll\u00e4pidett\u00e4v\u00e4 ja jatkuvasti kehittyv\u00e4<\/li>\n<li>mukautuva: k\u00e4ytt\u00e4j\u00e4 voi itse p\u00e4\u00e4tt\u00e4\u00e4 ohjelman k\u00e4ytt\u00f6laajuuden<\/li>\n<li>turvallinen hankinta: ohjelmalla on toimiva k\u00e4ytt\u00e4j\u00e4tuki, p\u00e4ivitykset ja yll\u00e4pito<\/li>\n<\/ul>\n<\/div>\n<p>Ohjelmien kehitysty\u00f6ss\u00e4 on hy\u00f6dynnetty vuosien kuluessa saatu kokemus ja k\u00e4ytt\u00e4jilt\u00e4 saatu palaute. Kehitysty\u00f6h\u00f6n osallistuu ATK-ammattilaisten lis\u00e4ksi mm. yritt\u00e4ji\u00e4, maanviljelij\u00f6it\u00e4, kirjanpitoammattilaisia ja muita asiantuntijoita.<\/p>\n<hr \/>\n<p><strong>Kirjanpito<\/strong><\/p>\n<p><span class=\"internal-link\">Tilituki Pro<\/span> yritysten ja maatilojen taloushallintaan. Samassa ohjelmassa mm. kirjanpito, laskutus ja vero-optimointi. K\u00e4ytt\u00f6laajuus k\u00e4ytt\u00e4j\u00e4n valittavissa. Kirjanpitotyypit: yritys (osakeyhti\u00f6, maatila-oy, ky, avoin yhti\u00f6, asunto-oy), maatila (maatalous + mets\u00e4talous), tiekunta, yhdistys.<\/p>\n<p>Tilituki Pro Mini helppoon maatilan verokirjanpitoon ja veroilmoitusten tulostamiseen. Maatalous, mets\u00e4talous ja liit\u00e4nn\u00e4iselinkeino. Verolomakkeet 2, 2C, kausiveroilmoitus (alv) ja energiaveron palautus, kaikki s\u00e4hk\u00f6isesti l\u00e4hetettyn\u00e4. Lis\u00e4osana mm. vero-optimointi.<\/p>\n<hr \/>\n<p><strong>Lohkokirjanpito<\/strong><\/p>\n<p>Peltotuki Pro maatilojen lohkokirjanpitoon ja EU-hakemusten tekemiseen. Kattava kokonaisuus ja luotettava valinta. Tukien haku s\u00e4hk\u00f6isesti, lohkot suoraan Ruokaviraston Vipu-palvelusta.<\/p>\n<p>Peltotuki Micro ilmaiseksi k\u00e4ytt\u00f6\u00f6n. Peltotuki Pro -ohjelman &#8221;pikkuveli&#8221;. Helppok\u00e4ytt\u00f6inen ohjelma viljelysuunnitteluun, peltokirjanpitoon ja tukihakuun. Lohkot voi noutaa suoraan Ruokaviraston Vipu-palvelusta. My\u00f6s s\u00e4hk\u00f6inen tukihaku.<\/p>\n<hr \/>\n<p><strong>Laskutus<\/strong><\/p>\n<p>Prolasku on helppok\u00e4ytt\u00f6inen laskutusohjelma pelk\u00e4ll\u00e4 vuosimaksulla. Monelle oikea valinta.\u00a0Itse ohjelma on ilmainen, k\u00e4yt\u00f6st\u00e4 ja yll\u00e4pidosta perit\u00e4\u00e4n pieni vuosimaksu.<\/p>\n<hr \/>\n<p class=\"documentDescription\">kirjanpito &#8211; lohkokirjanpito &#8211; laskutus &#8211; verotus &#8211; yritys &#8211; maatila<\/p>\n<\/div>\n<\/div>\n<\/div>\n<\/div>\n","protected":false},"excerpt":{"rendered":"<p>Softsalon helppok\u00e4ytt\u00f6iset ja k\u00e4yt\u00e4nn\u00f6nl\u00e4heiset ATK-ohjelmat ovat vuosien saatossa tulleet tutuiksi tuhansille k\u00e4ytt\u00e4jille. Ohjelmat toimivat Windows-tietokoneissa (10 ja 11) ja t\u00e4yden Windowsin sis\u00e4lt\u00e4viss\u00e4 tableteissa. Muilla tableteilla ohjelmaa voi halutessaan k\u00e4ytt\u00e4\u00e4 et\u00e4k\u00e4ytt\u00f6ohjelman avulla. Tavoitteemme on, ett\u00e4 jokainen ohjelmamme on: helppok\u00e4ytt\u00f6inen, nykyaikainen ja monipuolinen helposti yll\u00e4pidett\u00e4v\u00e4 ja jatkuvasti kehittyv\u00e4 mukautuva: k\u00e4ytt\u00e4j\u00e4 voi itse p\u00e4\u00e4tt\u00e4\u00e4 ohjelman k\u00e4ytt\u00f6laajuuden turvallinen hankinta:&#8230;<\/p>\n","protected":false},"author":1,"featured_media":0,"parent":0,"menu_order":1,"comment_status":"closed","ping_status":"closed","template":"","meta":[],"_links":{"self":[{"href":"https:\/\/www.softsalo.fi\/index.php?rest_route=\/wp\/v2\/pages\/16"}],"collection":[{"href":"https:\/\/www.softsalo.fi\/index.php?rest_route=\/wp\/v2\/pages"}],"about":[{"href":"https:\/\/www.softsalo.fi\/index.php?rest_route=\/wp\/v2\/types\/page"}],"author":[{"embeddable":true,"href":"https:\/\/www.softsalo.fi\/index.php?rest_route=\/wp\/v2\/users\/1"}],"replies":[{"embeddable":true,"href":"https:\/\/www.softsalo.fi\/index.php?rest_route=%2Fwp%2Fv2%2Fcomments&post=16"}],"version-history":[{"count":21,"href":"https:\/\/www.softsalo.fi\/index.php?rest_route=\/wp\/v2\/pages\/16\/revisions"}],"predecessor-version":[{"id":882,"href":"https:\/\/www.softsalo.fi\/index.php?rest_route=\/wp\/v2\/pages\/16\/revisions\/882"}],"wp:attachment":[{"href":"https:\/\/www.softsalo.fi\/index.php?rest_route=%2Fwp%2Fv2%2Fmedia&parent=16"}],"curies":[{"name":"wp","href":"https:\/\/api.w.org\/{rel}","templated":true}]}}