{"id":30,"date":"2018-10-24T14:04:43","date_gmt":"2018-10-24T11:04:43","guid":{"rendered":"http:\/\/www.softsalo.fi\/?page_id=30"},"modified":"2025-10-22T10:25:14","modified_gmt":"2025-10-22T07:25:14","slug":"yhteystiedot","status":"publish","type":"page","link":"https:\/\/www.softsalo.fi\/?page_id=30","title":{"rendered":"Yhteystiedot"},"content":{"rendered":"<div class=\"region region-content\">\n<div id=\"block-bartik-content\" class=\"block block-system block-system-main-block\">\n<div class=\"content\">\n<article class=\"node node--type-page node--view-mode-full clearfix\" role=\"article\" data-history-node-id=\"7\">\n<div class=\"node__content clearfix\">\n<div class=\"clearfix text-formatted field field--name-body field--type-text-with-summary field--label-hidden field__item\">\n<p><strong>Softsalo Oy<\/strong><br \/>\n<strong>Peltotuentie 1<\/strong><br \/>\n<strong>25130 Muurla<\/strong><\/p>\n<div id=\"content-core\">\n<div id=\"parent-fieldname-text-50604555edadd40350b35576a5b00cd8\">\n<p><strong>Puhelinnumero 02 777 1450<\/strong><br \/>\n<strong>Ohjelmien k\u00e4ytt\u00f6tukinumero 02 777 1451<br \/>\nS\u00e4hk\u00f6posti <\/strong><strong>tuki(at)softsalo.fi<\/strong><\/p>\n<p><strong>Toimistoaika arkisin\u00a0 klo 9 &#8211; 15<\/strong><\/p>\n<p>K\u00e4ytt\u00f6tuki toimistoajan ulkopuolella p. 050 511 5513 (Vain sesonkiaikana ja kiireellisiss\u00e4 asioissa ainoastaan puhelut, ei tekstiviestej\u00e4. Anna soida pitk\u00e4\u00e4n.).<\/p>\n<\/div>\n<\/div>\n<\/div>\n<\/div>\n<\/article>\n<\/div>\n<\/div>\n<\/div>\n","protected":false},"excerpt":{"rendered":"<p>Softsalo Oy Peltotuentie 1 25130 Muurla Puhelinnumero 02 777 1450 Ohjelmien k\u00e4ytt\u00f6tukinumero 02 777 1451 S\u00e4hk\u00f6posti tuki(at)softsalo.fi Toimistoaika arkisin\u00a0 klo 9 &#8211; 15 K\u00e4ytt\u00f6tuki toimistoajan ulkopuolella p. 050 511 5513 (Vain sesonkiaikana ja kiireellisiss\u00e4 asioissa ainoastaan puhelut, ei tekstiviestej\u00e4. Anna soida pitk\u00e4\u00e4n.).<\/p>\n","protected":false},"author":1,"featured_media":0,"parent":0,"menu_order":6,"comment_status":"closed","ping_status":"closed","template":"","meta":[],"_links":{"self":[{"href":"https:\/\/www.softsalo.fi\/index.php?rest_route=\/wp\/v2\/pages\/30"}],"collection":[{"href":"https:\/\/www.softsalo.fi\/index.php?rest_route=\/wp\/v2\/pages"}],"about":[{"href":"https:\/\/www.softsalo.fi\/index.php?rest_route=\/wp\/v2\/types\/page"}],"author":[{"embeddable":true,"href":"https:\/\/www.softsalo.fi\/index.php?rest_route=\/wp\/v2\/users\/1"}],"replies":[{"embeddable":true,"href":"https:\/\/www.softsalo.fi\/index.php?rest_route=%2Fwp%2Fv2%2Fcomments&post=30"}],"version-history":[{"count":47,"href":"https:\/\/www.softsalo.fi\/index.php?rest_route=\/wp\/v2\/pages\/30\/revisions"}],"predecessor-version":[{"id":901,"href":"https:\/\/www.softsalo.fi\/index.php?rest_route=\/wp\/v2\/pages\/30\/revisions\/901"}],"wp:attachment":[{"href":"https:\/\/www.softsalo.fi\/index.php?rest_route=%2Fwp%2Fv2%2Fmedia&parent=30"}],"curies":[{"name":"wp","href":"https:\/\/api.w.org\/{rel}","templated":true}]}}