{"id":34,"date":"2018-10-24T14:09:20","date_gmt":"2018-10-24T11:09:20","guid":{"rendered":"http:\/\/www.softsalo.fi\/?page_id=34"},"modified":"2025-05-16T13:11:56","modified_gmt":"2025-05-16T10:11:56","slug":"ilmainen-laskutusohjelma","status":"publish","type":"page","link":"https:\/\/www.softsalo.fi\/?page_id=34","title":{"rendered":"Ilmainen laskutusohjelma"},"content":{"rendered":"<div class=\"region region-content\">\n<div id=\"block-bartik-content\" class=\"block block-system block-system-main-block\">\n<div class=\"content\">\n<article class=\"node node--type-page node--view-mode-full clearfix\" role=\"article\" data-history-node-id=\"9\">\n<div class=\"node__content clearfix\">\n<div class=\"clearfix text-formatted field field--name-body field--type-text-with-summary field--label-hidden field__item\">\n<p>Prolasku on helppok\u00e4ytt\u00f6inen ja itse ohjelmana ilmainen laskutusohjelma, jonka k\u00e4yt\u00f6st\u00e4 perit\u00e4\u00e4n pieni k\u00e4ytt\u00f6maksu. Maksun ansiosta ohjelma on aina ajan tasalla. Kokeile, kuinka helppoa laskutus voi olla!<\/p>\n<div id=\"content-core\">\n<div id=\"parent-fieldname-text-8a9f7dda182c6860d1bdb5e65dc1d3a8\">\n<div>\n<p>Prolasku on eritt\u00e4in helppok\u00e4ytt\u00f6inen laskutusohjelma, joka ei itse ohjelmana maksa mit\u00e4\u00e4n. K\u00e4yt\u00f6st\u00e4 ja yll\u00e4pidosta perit\u00e4\u00e4n kuitenkin pieni k\u00e4ytt\u00f6maksu (70 \u20ac + alv \/vuosi), jonka ansiosta ohjelma on aina ajan tasalla ja voit luottaa siihen. Prolasku-asiakas ei j\u00e4\u00e4 pulaan, kun laskus\u00e4\u00e4nn\u00f6kset muuttuvat.<\/p>\n<p>Prolasku sis\u00e4lt\u00e4\u00e4 aina t\u00e4yden k\u00e4ytt\u00e4j\u00e4tuen. Ohjelmaneuvonnasta ei laskuteta erikseen!<\/p>\n<p>Kannattaisiko sinunkin tutustua?<\/p>\n<p><a href=\"http:\/\/www.softsalo.fi\/?page_id=59\">Katso lis\u00e4tietoja<\/a><\/p>\n<p><strong>Ilmainen laskutusohjelma Prolasku osaa mm.<\/strong><\/p>\n<div>\n<ul>\n<li>tehd\u00e4 selkeit\u00e4 laskuja, jotka sis\u00e4lt\u00e4v\u00e4t pankkisiirron ja pankkiviivakoodin<\/li>\n<li>tulostaa laskut paperille tai PDF-tiedostoon<\/li>\n<li>muodostaa Finvoice-standardin mukaisen verkkolaskutiedoston<\/li>\n<li>tulostaa l\u00e4hetyslistat ja muistutuslaskut<\/li>\n<li>seurata avoimia laskuja ja kirjata maksusuoritukset<\/li>\n<li>luoda ja tulostaa monipuolisia laskutustilastoja<\/li>\n<li>siirt\u00e4\u00e4 laskutustiedot Exceliin ja Wordiin<\/li>\n<li>tehd\u00e4 varastoinventaarion<\/li>\n<li>yll\u00e4pit\u00e4\u00e4 ajop\u00e4iv\u00e4kirjaa<\/li>\n<\/ul>\n<\/div>\n<p><strong>Pakollinen k\u00e4ytt\u00f6maksu sis\u00e4lt\u00e4\u00e4 mm.<\/strong><\/p>\n<ul>\n<li>Kaikki uudet ohjelmaversiot<\/li>\n<li>P\u00e4ivitysten noudon suoraan ohjelman sis\u00e4lt\u00e4<\/li>\n<li>Puhelinneuvonnan<\/li>\n<li>S\u00e4hk\u00f6postivastaukset<\/li>\n<li>Tarvittaessa asiakkaan avustamisen ohjelmaan sis\u00e4ltyv\u00e4ll\u00e4 et\u00e4yhteydell\u00e4<\/li>\n<\/ul>\n<\/div>\n<p>Ohjelmaa kehitet\u00e4\u00e4n jatkuvasti. Kattavista ominaisuuksista huolimatta ohjelma halutaan pit\u00e4\u00e4 eritt\u00e4in helppok\u00e4ytt\u00f6isen\u00e4. Asiakaspalautteen mukaan t\u00e4ss\u00e4 on my\u00f6s onnistuttu.<\/p>\n<p>Prolasku on tarkoitettu k\u00e4ytt\u00e4jille, jotka eiv\u00e4t ole ammatiltaan laskuttajia. Prolaskun takana on tiimi, jonka ohjelmilla on tuhansia tyytyv\u00e4isi\u00e4 asiakkaita ja pitk\u00e4 kokemus.<\/p>\n<div>\n<p><a href=\"http:\/\/www.softsalo.fi\/?page_id=59\">Katso lis\u00e4tietoja<\/a><\/p>\n<\/div>\n<\/div>\n<\/div>\n<\/div>\n<\/div>\n<\/article>\n<\/div>\n<\/div>\n<\/div>\n","protected":false},"excerpt":{"rendered":"<p>Prolasku on helppok\u00e4ytt\u00f6inen ja itse ohjelmana ilmainen laskutusohjelma, jonka k\u00e4yt\u00f6st\u00e4 perit\u00e4\u00e4n pieni k\u00e4ytt\u00f6maksu. Maksun ansiosta ohjelma on aina ajan tasalla. Kokeile, kuinka helppoa laskutus voi olla! Prolasku on eritt\u00e4in helppok\u00e4ytt\u00f6inen laskutusohjelma, joka ei itse ohjelmana maksa mit\u00e4\u00e4n. K\u00e4yt\u00f6st\u00e4 ja yll\u00e4pidosta perit\u00e4\u00e4n kuitenkin pieni k\u00e4ytt\u00f6maksu (70 \u20ac + alv \/vuosi), jonka ansiosta ohjelma on aina ajan&#8230;<\/p>\n","protected":false},"author":1,"featured_media":0,"parent":0,"menu_order":7,"comment_status":"closed","ping_status":"closed","template":"","meta":[],"_links":{"self":[{"href":"https:\/\/www.softsalo.fi\/index.php?rest_route=\/wp\/v2\/pages\/34"}],"collection":[{"href":"https:\/\/www.softsalo.fi\/index.php?rest_route=\/wp\/v2\/pages"}],"about":[{"href":"https:\/\/www.softsalo.fi\/index.php?rest_route=\/wp\/v2\/types\/page"}],"author":[{"embeddable":true,"href":"https:\/\/www.softsalo.fi\/index.php?rest_route=\/wp\/v2\/users\/1"}],"replies":[{"embeddable":true,"href":"https:\/\/www.softsalo.fi\/index.php?rest_route=%2Fwp%2Fv2%2Fcomments&post=34"}],"version-history":[{"count":5,"href":"https:\/\/www.softsalo.fi\/index.php?rest_route=\/wp\/v2\/pages\/34\/revisions"}],"predecessor-version":[{"id":887,"href":"https:\/\/www.softsalo.fi\/index.php?rest_route=\/wp\/v2\/pages\/34\/revisions\/887"}],"wp:attachment":[{"href":"https:\/\/www.softsalo.fi\/index.php?rest_route=%2Fwp%2Fv2%2Fmedia&parent=34"}],"curies":[{"name":"wp","href":"https:\/\/api.w.org\/{rel}","templated":true}]}}