{"id":38,"date":"2018-10-25T09:38:39","date_gmt":"2018-10-25T06:38:39","guid":{"rendered":"http:\/\/www.softsalo.fi\/?page_id=38"},"modified":"2026-01-05T15:30:47","modified_gmt":"2026-01-05T13:30:47","slug":"hinnasto","status":"publish","type":"page","link":"https:\/\/www.softsalo.fi\/?page_id=38","title":{"rendered":"Hinnasto"},"content":{"rendered":"<div id=\"block-bartik-content\" class=\"block block-system block-system-main-block\">\n<div class=\"content\">\n<article class=\"node node--type-page node--view-mode-full clearfix\" role=\"article\" data-history-node-id=\"6\">\n<div class=\"node__content clearfix\">\n<div class=\"clearfix text-formatted field field--name-body field--type-text-with-summary field--label-hidden field__item\">\n<p>Softsalon ATK-ohjelmien hinnasto 1.1.2026<\/p>\n<div id=\"content-core\">\n<div id=\"parent-fieldname-text-b0d9f95c51e0210638d343efcb809d1e\">\n<table class=\"listing\">\n<tbody>\n<tr>\n<td><\/td>\n<td>Alv 0 %<\/td>\n<td>Alv<br \/>\n25,5 %<\/td>\n<td>Vuosip\u00e4ivitys alv 0 %<\/td>\n<\/tr>\n<tr>\n<td><strong>Tilituki Pro, kirjanpito + laskutus<\/strong><\/td>\n<td style=\"text-align: right;\"><\/td>\n<td><\/td>\n<td><\/td>\n<\/tr>\n<tr>\n<td>Yhden kirjanpidon versio<\/td>\n<td style=\"text-align: left;\">300,-<\/td>\n<td>376,50<\/td>\n<td>110,-<\/td>\n<\/tr>\n<tr>\n<td>Viiden kirjanpidon versio (sama k\u00e4ytt\u00e4j\u00e4)<\/td>\n<td>385,-<\/td>\n<td>483,17<\/td>\n<td>130,-<\/td>\n<\/tr>\n<tr>\n<td>Rajoittamaton tilitoimistoversio<\/td>\n<td>kysy!<\/td>\n<td><\/td>\n<td><\/td>\n<\/tr>\n<tr>\n<td><strong>Tilituki Pro Mini<\/strong> (yhden kirjanpidon\u00a0versio)<\/td>\n<td>210,-<\/td>\n<td>263,55<\/td>\n<td>90,-<\/td>\n<\/tr>\n<tr>\n<td>Alennus Peltotuki Pro -asiakkaalle (ei Peltotuki Micro)<\/td>\n<td>&#8211; 30,-<\/td>\n<td>&#8211; 37,65<\/td>\n<td><\/td>\n<\/tr>\n<tr>\n<td><strong>Lis\u00e4modulit kirjanpito-ohjelmiin<\/strong> (1-5 versioiden hinnat)<\/td>\n<td><\/td>\n<td><\/td>\n<td><\/td>\n<\/tr>\n<tr>\n<td>Veron m\u00e4\u00e4r\u00e4n laskenta ja vero-optimointi<\/td>\n<td>60,-<\/td>\n<td>75,30<\/td>\n<td>30,-<\/td>\n<\/tr>\n<tr>\n<td>Ostoreskontra ja pankkilinkitykset<\/td>\n<td>60,-<\/td>\n<td>75,30<\/td>\n<td>10,-<\/td>\n<\/tr>\n<tr>\n<td>Budjetointi ja kassanhallinta (maatilakirjanpidot)<\/td>\n<td>60,-<\/td>\n<td>75,30<\/td>\n<td>10,-<\/td>\n<\/tr>\n<tr>\n<td><\/td>\n<td><\/td>\n<td><\/td>\n<td><\/td>\n<\/tr>\n<tr>\n<td><strong>Tiekunta Pro, tiekuntien yll\u00e4pito (poistumassa, vain p\u00e4ivitykset)<\/strong><\/td>\n<td><\/td>\n<td><\/td>\n<td><\/td>\n<\/tr>\n<tr>\n<td>Yhden tiekunnan versio<\/td>\n<td>&#8211;<\/td>\n<td style=\"text-align: left;\">&#8211;<\/td>\n<td>70,-<\/td>\n<\/tr>\n<tr>\n<td>Viiden tiekunnan versio (sama k\u00e4ytt\u00e4j\u00e4)<\/td>\n<td>&#8211;<\/td>\n<td style=\"text-align: left;\">&#8211;<\/td>\n<td>100,-<\/td>\n<\/tr>\n<tr>\n<td>Rajoittamaton versio<\/td>\n<td>&#8211;<\/td>\n<td style=\"text-align: left;\">&#8211;<\/td>\n<td>150,-<\/td>\n<\/tr>\n<tr>\n<td>1 tiekunnan lis\u00e4ys 1- ja 5-versioissa<\/td>\n<td>&#8211;<\/td>\n<td>&#8211;<\/td>\n<td>10,-<\/td>\n<\/tr>\n<tr>\n<td><\/td>\n<td style=\"text-align: center;\"><\/td>\n<td><\/td>\n<td><\/td>\n<\/tr>\n<tr>\n<td><strong>Peltotuki Pro, lohkokirjanpito ym.<\/strong><\/td>\n<td><\/td>\n<td><\/td>\n<td><\/td>\n<\/tr>\n<tr>\n<td>Yhden tilan versio<\/td>\n<td>260,-<\/td>\n<td>326,30<\/td>\n<td>100,-<\/td>\n<\/tr>\n<tr>\n<td>Viiden tilan versio (sama k\u00e4ytt\u00e4j\u00e4)<\/td>\n<td>345,-<\/td>\n<td>432,97<\/td>\n<td>120,-<\/td>\n<\/tr>\n<tr>\n<td>Rajoittamaton neuvojaversio<\/td>\n<td>kysy!<\/td>\n<td><\/td>\n<td><\/td>\n<\/tr>\n<tr>\n<td>Alennus Tilituki Pro -asiakkaalle<\/td>\n<td>&#8211; 30,-<\/td>\n<td>&#8211; 37,65<\/td>\n<td><\/td>\n<\/tr>\n<tr>\n<td><strong>Lis\u00e4modulit\u00a0Peltotuki Pro -ohjelmaan<\/strong> (1-5 versiot)<\/td>\n<td><\/td>\n<td><\/td>\n<td><\/td>\n<\/tr>\n<tr>\n<td>Plus-paketti<\/td>\n<td>45,-<\/td>\n<td>56,47<\/td>\n<td>10,-<\/td>\n<\/tr>\n<tr>\n<td>Karttaosa Nutikka Pro<\/td>\n<td>125,-<\/td>\n<td>156,87<\/td>\n<td>10,-<\/td>\n<\/tr>\n<tr>\n<td><\/td>\n<td><\/td>\n<td><\/td>\n<td><\/td>\n<\/tr>\n<tr>\n<td><\/td>\n<td><\/td>\n<td><\/td>\n<td><\/td>\n<\/tr>\n<tr>\n<td><strong>Peltotuki Micro<\/strong><\/td>\n<td><\/td>\n<td><\/td>\n<td><\/td>\n<\/tr>\n<tr>\n<td>Ilmainen ohjelma, k\u00e4ytt\u00f6maksu \/ vuosi. Ensimm\u00e4inen vuosi my\u00f6s ilman k\u00e4ytt\u00f6maksua.<\/td>\n<td>0,-<\/td>\n<td>0,-<\/td>\n<td>90,-<\/td>\n<\/tr>\n<tr>\n<td><\/td>\n<td><\/td>\n<td><\/td>\n<td><\/td>\n<\/tr>\n<tr>\n<td><strong>Prolasku, laskutusohjelma<\/strong><\/td>\n<td><\/td>\n<td><\/td>\n<td><\/td>\n<\/tr>\n<tr>\n<td>Ilmainen ohjelma, k\u00e4ytt\u00f6maksu\u00a0\/ vuosi<\/td>\n<td>0,-<\/td>\n<td>0,-<\/td>\n<td>70,-<\/td>\n<\/tr>\n<tr>\n<td>&#8211; kahden laskuttajan versio<\/td>\n<td>0,-<\/td>\n<td>0,-<\/td>\n<td>105,-<\/td>\n<\/tr>\n<tr>\n<td>&#8211; kolmen laskuttajan versio<\/td>\n<td>0,-<\/td>\n<td>0,-<\/td>\n<td>130,-<\/td>\n<\/tr>\n<tr>\n<td>&#8211; nelj\u00e4n tai useamman laskuttajan versio<\/td>\n<td>kysy!<\/td>\n<td><\/td>\n<td><\/td>\n<\/tr>\n<tr>\n<td><\/td>\n<td><\/td>\n<td><\/td>\n<td><\/td>\n<\/tr>\n<tr>\n<td>Oikeudet muutoksiin pid\u00e4tet\u00e4\u00e4n<\/td>\n<\/tr>\n<\/tbody>\n<\/table>\n<p>Softsalon ohjelmien tavaramerkkin\u00e4 on aina ollut hyv\u00e4 hinta-\/laatusuhde.<\/p>\n<p>Useista ohjelmista on olemassa eri laajuisia ohjelmaversioita k\u00e4ytt\u00e4j\u00e4n tarpeen mukaan.\u00a0<strong>Omaa ohjelmaansa voi l\u00e4hes aina laajentaa pelk\u00e4ll\u00e4 v\u00e4lirahalla.<\/strong><\/p>\n<p>Laskutukseen ja viljelykirjanpitoon on tarjolla my\u00f6s ilmaiset ohjelmat, jotka pienen k\u00e4ytt\u00f6maksun ansiosta pysyv\u00e4t vuodesta toiseen ajan tasalla ja sis\u00e4lt\u00e4v\u00e4t t\u00e4ydellisen k\u00e4ytt\u00e4j\u00e4tuen.<\/p>\n<p>Ohjelmatilaukset puhelimitse p. 02 777 1450 tai s\u00e4hk\u00f6postilla tuki(\u00e4t)softsalo.fi.<\/p>\n<\/div>\n<\/div>\n<\/div>\n<\/div>\n<\/article>\n<\/div>\n<\/div>\n","protected":false},"excerpt":{"rendered":"<p>Softsalon ATK-ohjelmien hinnasto 1.1.2026 Alv 0 % Alv 25,5 % Vuosip\u00e4ivitys alv 0 % Tilituki Pro, kirjanpito + laskutus Yhden kirjanpidon versio 300,- 376,50 110,- Viiden kirjanpidon versio (sama k\u00e4ytt\u00e4j\u00e4) 385,- 483,17 130,- Rajoittamaton tilitoimistoversio kysy! Tilituki Pro Mini (yhden kirjanpidon\u00a0versio) 210,- 263,55 90,- Alennus Peltotuki Pro -asiakkaalle (ei Peltotuki Micro) &#8211; 30,- &#8211; 37,65&#8230;<\/p>\n","protected":false},"author":1,"featured_media":0,"parent":0,"menu_order":5,"comment_status":"closed","ping_status":"closed","template":"","meta":[],"_links":{"self":[{"href":"https:\/\/www.softsalo.fi\/index.php?rest_route=\/wp\/v2\/pages\/38"}],"collection":[{"href":"https:\/\/www.softsalo.fi\/index.php?rest_route=\/wp\/v2\/pages"}],"about":[{"href":"https:\/\/www.softsalo.fi\/index.php?rest_route=\/wp\/v2\/types\/page"}],"author":[{"embeddable":true,"href":"https:\/\/www.softsalo.fi\/index.php?rest_route=\/wp\/v2\/users\/1"}],"replies":[{"embeddable":true,"href":"https:\/\/www.softsalo.fi\/index.php?rest_route=%2Fwp%2Fv2%2Fcomments&post=38"}],"version-history":[{"count":12,"href":"https:\/\/www.softsalo.fi\/index.php?rest_route=\/wp\/v2\/pages\/38\/revisions"}],"predecessor-version":[{"id":913,"href":"https:\/\/www.softsalo.fi\/index.php?rest_route=\/wp\/v2\/pages\/38\/revisions\/913"}],"wp:attachment":[{"href":"https:\/\/www.softsalo.fi\/index.php?rest_route=%2Fwp%2Fv2%2Fmedia&parent=38"}],"curies":[{"name":"wp","href":"https:\/\/api.w.org\/{rel}","templated":true}]}}