{"id":49,"date":"2018-10-25T10:56:18","date_gmt":"2018-10-25T07:56:18","guid":{"rendered":"http:\/\/www.softsalo.fi\/?page_id=49"},"modified":"2022-12-05T14:02:53","modified_gmt":"2022-12-05T12:02:53","slug":"tilitukipro","status":"publish","type":"page","link":"https:\/\/www.softsalo.fi\/?page_id=49","title":{"rendered":"Tilituki Pro"},"content":{"rendered":"<div class=\"region region-content\">\n<div id=\"block-bartik-page-title\" class=\"block block-core block-page-title-block\">\n<div class=\"content\"><strong>Kirjanpito ja laskutus<\/strong><\/div>\n<div><\/div>\n<\/div>\n<div id=\"block-bartik-content\" class=\"block block-system block-system-main-block\">\n<div class=\"content\">\n<article class=\"node node--type-page node--view-mode-full clearfix\" role=\"article\" data-history-node-id=\"16\">\n<div class=\"node__content clearfix\">\n<div class=\"clearfix text-formatted field field--name-body field--type-text-with-summary field--label-hidden field__item\">\n<p>Yritysten ja maatilojen taloushallinta Windows-tietokoneille. Perusohjelmassa on mukana mm. kirjanpito, laskutus ja kannattavuuslaskenta. Lis\u00e4moduleina mm. vero-optimointi ja ostoreskontra.<\/p>\n<p>Tilituki Pro on monipuolinen taloushallintaohjelma, jonka k\u00e4ytt\u00f6laajuuden voi p\u00e4\u00e4tt\u00e4\u00e4 itse. Halutessaan ohjelmaa voi k\u00e4ytt\u00e4\u00e4 vain peruskirjanpitoon, mutta se mahdollistaa helposti my\u00f6s kokonaisvaltaisen talouden hallinnan. Vakio-ohjelma sis\u00e4lt\u00e4\u00e4 mahdollisuuden mm. laskutukseen, kannattavuusseurantaan, graafisiin tulosteisiin ja monipuolisiin tilastoihin. Ohjelma tuottaa veroilmoitukset ja hy\u00f6dynt\u00e4\u00e4 kattavasti s\u00e4hk\u00f6isi\u00e4 palvelumahdollisuuksia.<\/p>\n<p>Ohjelmaa kehitet\u00e4\u00e4n jatkuvasti huomioiden herk\u00e4ll\u00e4 korvalla mm. tuhansien asiakkaittemme toiveet. Kehitystiimi sis\u00e4lt\u00e4\u00e4 liikekirjanpidon, maatilakirjanpidon, maatalouden, yritystoiminnan, laskutuksen ja ATK-alan ammattilaisia. Meill\u00e4 jokainen ohjelmoija hallitsee my\u00f6s asian, jota ohjelmalla tehd\u00e4\u00e4n. Me puhumme samaa kielt\u00e4 asiakkaittemme kanssa!<\/p>\n<p>Tilituki Pro -ohjelmalla voi tehd\u00e4 liikekirjanpitoja (Oy, Ky, Ay, T:mi, As.Oy), maatilakirjanpitoja (1-puolinen ja 2-puolinen), yhdistysten kirjanpitoja ja tiekunnan kirjanpitoja.\u00a0Ohjelma on saatavissa yhden, viiden tai rajoittamattoman k\u00e4ytt\u00e4j\u00e4m\u00e4\u00e4r\u00e4n tilitoimistoversiona.<\/p>\n<p>Tilitoimistoversioissa on kiinnitetty erityishuomioita nopeaan toimistoty\u00f6skentelyyn. Haluttaessa tilitoimisto voi tarjota eri asiakkaille eri laajuisia palveluita perusverokirjanpidosta kokonaisvaltaiseen talouden hallintaan (laskutus, maksuvalmius, kannattavuus, tilastot&#8230;).<\/p>\n<p>Tilituki Pro sis\u00e4lt\u00e4\u00e4 vakiona kirjanpitoon linkitetyn laskutusohjelman. Lis\u00e4osina mm. vero-optimointi (yritt\u00e4j\u00e4+puoliso) ja linkitys pankkiohjelmiin.<\/p>\n<p>Nouda demo-ohjelma <a href=\"http:\/\/www.softsalo.fi\/?page_id=23\">Lataa ohjelmia<\/a> -sivulta. Lis\u00e4tietoja Softsalosta p. 02 777 1450.<\/p>\n<\/div>\n<\/div>\n<\/article>\n<\/div>\n<\/div>\n<\/div>\n","protected":false},"excerpt":{"rendered":"<p>Kirjanpito ja laskutus Yritysten ja maatilojen taloushallinta Windows-tietokoneille. Perusohjelmassa on mukana mm. kirjanpito, laskutus ja kannattavuuslaskenta. Lis\u00e4moduleina mm. vero-optimointi ja ostoreskontra. Tilituki Pro on monipuolinen taloushallintaohjelma, jonka k\u00e4ytt\u00f6laajuuden voi p\u00e4\u00e4tt\u00e4\u00e4 itse. Halutessaan ohjelmaa voi k\u00e4ytt\u00e4\u00e4 vain peruskirjanpitoon, mutta se mahdollistaa helposti my\u00f6s kokonaisvaltaisen talouden hallinnan. Vakio-ohjelma sis\u00e4lt\u00e4\u00e4 mahdollisuuden mm. laskutukseen, kannattavuusseurantaan, graafisiin tulosteisiin ja monipuolisiin&#8230;<\/p>\n","protected":false},"author":1,"featured_media":0,"parent":21,"menu_order":1,"comment_status":"closed","ping_status":"closed","template":"","meta":[],"_links":{"self":[{"href":"https:\/\/www.softsalo.fi\/index.php?rest_route=\/wp\/v2\/pages\/49"}],"collection":[{"href":"https:\/\/www.softsalo.fi\/index.php?rest_route=\/wp\/v2\/pages"}],"about":[{"href":"https:\/\/www.softsalo.fi\/index.php?rest_route=\/wp\/v2\/types\/page"}],"author":[{"embeddable":true,"href":"https:\/\/www.softsalo.fi\/index.php?rest_route=\/wp\/v2\/users\/1"}],"replies":[{"embeddable":true,"href":"https:\/\/www.softsalo.fi\/index.php?rest_route=%2Fwp%2Fv2%2Fcomments&post=49"}],"version-history":[{"count":8,"href":"https:\/\/www.softsalo.fi\/index.php?rest_route=\/wp\/v2\/pages\/49\/revisions"}],"predecessor-version":[{"id":575,"href":"https:\/\/www.softsalo.fi\/index.php?rest_route=\/wp\/v2\/pages\/49\/revisions\/575"}],"up":[{"embeddable":true,"href":"https:\/\/www.softsalo.fi\/index.php?rest_route=\/wp\/v2\/pages\/21"}],"wp:attachment":[{"href":"https:\/\/www.softsalo.fi\/index.php?rest_route=%2Fwp%2Fv2%2Fmedia&parent=49"}],"curies":[{"name":"wp","href":"https:\/\/api.w.org\/{rel}","templated":true}]}}