{"id":53,"date":"2018-10-25T11:03:37","date_gmt":"2018-10-25T08:03:37","guid":{"rendered":"http:\/\/www.softsalo.fi\/?page_id=53"},"modified":"2019-01-11T14:30:12","modified_gmt":"2019-01-11T12:30:12","slug":"tilituki-pro-mini-maatalouskirjanpito","status":"publish","type":"page","link":"https:\/\/www.softsalo.fi\/?page_id=53","title":{"rendered":"Tilituki Pro Mini"},"content":{"rendered":"<div class=\"node__content clearfix\">\n<div class=\"clearfix text-formatted field field--name-body field--type-text-with-summary field--label-hidden field__item\">\n<p><strong>Maatalouskirjapito<\/strong><\/p>\n<p><strong>Helppok\u00e4ytt\u00f6inen maatilan verokirjanpito ja veroilmoitusten tulostus<\/strong><\/p>\n<p>Tilituki Pro Minill\u00e4 voi tehd\u00e4 maatilan verokirjanpidon ja tulostaa verolomakkeet. Lis\u00e4osina ohjelmaan voidaan liitt\u00e4\u00e4 vero-optimointi ja linkitys pankkiohjelmiin.<\/p>\n<p>Ohjelma on helppok\u00e4ytt\u00f6inen, mutta sis\u00e4lt\u00e4\u00e4 silti monipuoliset tulosteet. Haluttaessa voidaan seurata my\u00f6s kannattavuutta ja tehd\u00e4 vuosivertailuja. Ohjelman k\u00e4ytt\u00f6laajuuden voi m\u00e4\u00e4ritt\u00e4\u00e4 itse.<\/p>\n<p>Yll\u00e4pitosopimus sis\u00e4lt\u00e4\u00e4 uudet ohjelmaversiot, verottajan vaatimat muutokset ja k\u00e4ytt\u00e4j\u00e4neuvonnan. Tarvittaessa tukihenkil\u00f6mme voi avustaa asiakasta my\u00f6s et\u00e4yhteydell\u00e4.<\/p>\n<p>Nouda demo-ohjelma\u00a0<a href=\"http:\/\/www.softsalo.fi\/?page_id=23\">Lataa ohjelmia<\/a> -sivulta. Sama asennus sis\u00e4lt\u00e4\u00e4 sek\u00e4 Tilituki Pro -ohjelman ett\u00e4 Tilituki Pro Mini -ohjelman.<\/p>\n<\/div>\n<\/div>\n","protected":false},"excerpt":{"rendered":"<p>Maatalouskirjapito Helppok\u00e4ytt\u00f6inen maatilan verokirjanpito ja veroilmoitusten tulostus Tilituki Pro Minill\u00e4 voi tehd\u00e4 maatilan verokirjanpidon ja tulostaa verolomakkeet. Lis\u00e4osina ohjelmaan voidaan liitt\u00e4\u00e4 vero-optimointi ja linkitys pankkiohjelmiin. Ohjelma on helppok\u00e4ytt\u00f6inen, mutta sis\u00e4lt\u00e4\u00e4 silti monipuoliset tulosteet. Haluttaessa voidaan seurata my\u00f6s kannattavuutta ja tehd\u00e4 vuosivertailuja. Ohjelman k\u00e4ytt\u00f6laajuuden voi m\u00e4\u00e4ritt\u00e4\u00e4 itse. Yll\u00e4pitosopimus sis\u00e4lt\u00e4\u00e4 uudet ohjelmaversiot, verottajan vaatimat muutokset ja k\u00e4ytt\u00e4j\u00e4neuvonnan&#8230;.<\/p>\n","protected":false},"author":1,"featured_media":0,"parent":21,"menu_order":2,"comment_status":"closed","ping_status":"closed","template":"","meta":[],"_links":{"self":[{"href":"https:\/\/www.softsalo.fi\/index.php?rest_route=\/wp\/v2\/pages\/53"}],"collection":[{"href":"https:\/\/www.softsalo.fi\/index.php?rest_route=\/wp\/v2\/pages"}],"about":[{"href":"https:\/\/www.softsalo.fi\/index.php?rest_route=\/wp\/v2\/types\/page"}],"author":[{"embeddable":true,"href":"https:\/\/www.softsalo.fi\/index.php?rest_route=\/wp\/v2\/users\/1"}],"replies":[{"embeddable":true,"href":"https:\/\/www.softsalo.fi\/index.php?rest_route=%2Fwp%2Fv2%2Fcomments&post=53"}],"version-history":[{"count":5,"href":"https:\/\/www.softsalo.fi\/index.php?rest_route=\/wp\/v2\/pages\/53\/revisions"}],"predecessor-version":[{"id":210,"href":"https:\/\/www.softsalo.fi\/index.php?rest_route=\/wp\/v2\/pages\/53\/revisions\/210"}],"up":[{"embeddable":true,"href":"https:\/\/www.softsalo.fi\/index.php?rest_route=\/wp\/v2\/pages\/21"}],"wp:attachment":[{"href":"https:\/\/www.softsalo.fi\/index.php?rest_route=%2Fwp%2Fv2%2Fmedia&parent=53"}],"curies":[{"name":"wp","href":"https:\/\/api.w.org\/{rel}","templated":true}]}}