{"id":57,"date":"2018-10-25T11:09:08","date_gmt":"2018-10-25T08:09:08","guid":{"rendered":"http:\/\/www.softsalo.fi\/?page_id=57"},"modified":"2022-12-05T14:03:52","modified_gmt":"2022-12-05T12:03:52","slug":"peltotukimicro","status":"publish","type":"page","link":"https:\/\/www.softsalo.fi\/?page_id=57","title":{"rendered":"Peltotuki Micro"},"content":{"rendered":"<div class=\"region region-content\">\n<div id=\"block-bartik-content\" class=\"block block-system block-system-main-block\">\n<div class=\"content\">\n<article class=\"node node--type-page node--view-mode-full clearfix\" role=\"article\" data-history-node-id=\"23\">\n<div class=\"node__content clearfix\">\n<div class=\"clearfix text-formatted field field--name-body field--type-text-with-summary field--label-hidden field__item\">\n<p><strong> Viljelysuunnitelma ja lohkokirjanpito ilmaiseksi<\/strong><\/p>\n<p>Ilmainen viljelysuunnitteluohjelma, jossa mm. viljelysuunnitelma, lohkokirjanpito ja s\u00e4hk\u00f6inen tukihaku. My\u00f6s torjunta-aineiden k\u00e4ytt\u00f6rajoitukset. Eritt\u00e4in helppok\u00e4ytt\u00f6inen viljelyohjelmisto Windows-tietokoneille.<\/p>\n<p>Peltotuki Micro hy\u00f6dynt\u00e4\u00e4 Internetin uusimpia mahdollisuuksia. Voit noutaa lohkosi Vipu-palvelusta ja maan\u00e4ytteesi Tuloslaarista. Torjunta-aineista on suora linkki Tukesin torjunta-ainerekisteriin. My\u00f6s s\u00e4hk\u00f6inen tukihaku.<\/p>\n<p>Ja mik\u00e4 parasta: Jos internetyhteys p\u00e4tkii, Peltotuki Micro toimii silti. Sin\u00e4 p\u00e4\u00e4t\u00e4t, ohjelma palvelee.<\/p>\n<p>Mobiilik\u00e4ytt\u00f6\u00e4 varten Peltotuki on linkitetty Sirppi-pilvipalvelun kanssa.<\/p>\n<p><a href=\"http:\/\/www.softsalo.fi\/?page_id=32\">Lis\u00e4tietoja Peltotuki Micro -ohjelmasta<\/a><\/p>\n<hr \/>\n<p>S\u00e4hk\u00f6inen tukihaku-Viljelysuunnittelu-Lohkokirjanpito-Tietojen tarkistus-Kasvinsuojeluainerekisteri-Kannattavuus-Maan\u00e4ytteet-Ravinnekatot-Lannoitus-Siemenlaskenta-Kasvinsuojelu- Fosforin tasaus-Kustannukset-Ilmainen k\u00e4ytt\u00f6tuki-Puhelintuki-Neuvonta-Ajankohtaistiedotteet-S\u00e4hk\u00f6postituki-Et\u00e4k\u00e4ytt\u00f6 ongelmatilanteissa<\/p>\n<\/div>\n<\/div>\n<\/article>\n<\/div>\n<\/div>\n<\/div>\n","protected":false},"excerpt":{"rendered":"<p>Viljelysuunnitelma ja lohkokirjanpito ilmaiseksi Ilmainen viljelysuunnitteluohjelma, jossa mm. viljelysuunnitelma, lohkokirjanpito ja s\u00e4hk\u00f6inen tukihaku. My\u00f6s torjunta-aineiden k\u00e4ytt\u00f6rajoitukset. Eritt\u00e4in helppok\u00e4ytt\u00f6inen viljelyohjelmisto Windows-tietokoneille. Peltotuki Micro hy\u00f6dynt\u00e4\u00e4 Internetin uusimpia mahdollisuuksia. Voit noutaa lohkosi Vipu-palvelusta ja maan\u00e4ytteesi Tuloslaarista. Torjunta-aineista on suora linkki Tukesin torjunta-ainerekisteriin. My\u00f6s s\u00e4hk\u00f6inen tukihaku. Ja mik\u00e4 parasta: Jos internetyhteys p\u00e4tkii, Peltotuki Micro toimii silti. Sin\u00e4 p\u00e4\u00e4t\u00e4t, ohjelma&#8230;<\/p>\n","protected":false},"author":1,"featured_media":0,"parent":21,"menu_order":4,"comment_status":"closed","ping_status":"closed","template":"","meta":[],"_links":{"self":[{"href":"https:\/\/www.softsalo.fi\/index.php?rest_route=\/wp\/v2\/pages\/57"}],"collection":[{"href":"https:\/\/www.softsalo.fi\/index.php?rest_route=\/wp\/v2\/pages"}],"about":[{"href":"https:\/\/www.softsalo.fi\/index.php?rest_route=\/wp\/v2\/types\/page"}],"author":[{"embeddable":true,"href":"https:\/\/www.softsalo.fi\/index.php?rest_route=\/wp\/v2\/users\/1"}],"replies":[{"embeddable":true,"href":"https:\/\/www.softsalo.fi\/index.php?rest_route=%2Fwp%2Fv2%2Fcomments&post=57"}],"version-history":[{"count":5,"href":"https:\/\/www.softsalo.fi\/index.php?rest_route=\/wp\/v2\/pages\/57\/revisions"}],"predecessor-version":[{"id":576,"href":"https:\/\/www.softsalo.fi\/index.php?rest_route=\/wp\/v2\/pages\/57\/revisions\/576"}],"up":[{"embeddable":true,"href":"https:\/\/www.softsalo.fi\/index.php?rest_route=\/wp\/v2\/pages\/21"}],"wp:attachment":[{"href":"https:\/\/www.softsalo.fi\/index.php?rest_route=%2Fwp%2Fv2%2Fmedia&parent=57"}],"curies":[{"name":"wp","href":"https:\/\/api.w.org\/{rel}","templated":true}]}}